{"id":419,"date":"2024-07-17T16:22:47","date_gmt":"2024-07-17T19:22:47","guid":{"rendered":"https:\/\/institucional.nutrirsaudestore.com.br\/?page_id=419"},"modified":"2025-07-31T17:54:09","modified_gmt":"2025-07-31T20:54:09","slug":"fale-conosco","status":"publish","type":"page","link":"https:\/\/nutrirsaudestore.com.br\/institucional\/fale-conosco\/","title":{"rendered":"Fale conosco"},"content":{"rendered":"\t\t<div data-elementor-type=\"wp-page\" data-elementor-id=\"419\" class=\"elementor elementor-419\" data-elementor-post-type=\"page\">\n\t\t\t\t<div class=\"elementor-element elementor-element-9b92e98 e-flex e-con-boxed e-con e-parent\" data-id=\"9b92e98\" data-element_type=\"container\" data-e-type=\"container\" data-settings=\"{&quot;background_background&quot;:&quot;classic&quot;}\">\n\t\t\t\t\t<div class=\"e-con-inner\">\n\t\t\t\t<div class=\"elementor-element elementor-element-cc0f666 elementor-absolute elementor-widget elementor-widget-image\" data-id=\"cc0f666\" data-element_type=\"widget\" data-e-type=\"widget\" data-settings=\"{&quot;_position&quot;:&quot;absolute&quot;}\" data-widget_type=\"image.default\">\n\t\t\t\t<div class=\"elementor-widget-container\">\n\t\t\t\t\t\t\t\t\t\t\t\t\t\t\t<img fetchpriority=\"high\" decoding=\"async\" width=\"1478\" height=\"1478\" src=\"https:\/\/nutrirsaudestore.com.br\/institucional\/wp-content\/uploads\/2024\/07\/img_blur-blue.webp\" class=\"attachment-full size-full wp-image-422\" alt=\"\" srcset=\"https:\/\/nutrirsaudestore.com.br\/institucional\/wp-content\/uploads\/2024\/07\/img_blur-blue.webp 1478w, https:\/\/nutrirsaudestore.com.br\/institucional\/wp-content\/uploads\/2024\/07\/img_blur-blue-300x300.webp 300w, https:\/\/nutrirsaudestore.com.br\/institucional\/wp-content\/uploads\/2024\/07\/img_blur-blue-1024x1024.webp 1024w, https:\/\/nutrirsaudestore.com.br\/institucional\/wp-content\/uploads\/2024\/07\/img_blur-blue-150x150.webp 150w, https:\/\/nutrirsaudestore.com.br\/institucional\/wp-content\/uploads\/2024\/07\/img_blur-blue-768x768.webp 768w, https:\/\/nutrirsaudestore.com.br\/institucional\/wp-content\/uploads\/2024\/07\/img_blur-blue-600x600.webp 600w, https:\/\/nutrirsaudestore.com.br\/institucional\/wp-content\/uploads\/2024\/07\/img_blur-blue-100x100.webp 100w\" sizes=\"(max-width: 1478px) 100vw, 1478px\" \/>\t\t\t\t\t\t\t\t\t\t\t\t\t\t\t<\/div>\n\t\t\t\t<\/div>\n\t\t\t\t<div class=\"elementor-element elementor-element-32cc9b0 elementor-absolute elementor-widget elementor-widget-image\" data-id=\"32cc9b0\" data-element_type=\"widget\" data-e-type=\"widget\" data-settings=\"{&quot;_position&quot;:&quot;absolute&quot;}\" data-widget_type=\"image.default\">\n\t\t\t\t<div class=\"elementor-widget-container\">\n\t\t\t\t\t\t\t\t\t\t\t\t\t\t\t<img decoding=\"async\" width=\"1828\" height=\"1828\" src=\"https:\/\/nutrirsaudestore.com.br\/institucional\/wp-content\/uploads\/2024\/07\/img_blur-yellow-green.webp\" class=\"attachment-full size-full wp-image-423\" alt=\"\" srcset=\"https:\/\/nutrirsaudestore.com.br\/institucional\/wp-content\/uploads\/2024\/07\/img_blur-yellow-green.webp 1828w, https:\/\/nutrirsaudestore.com.br\/institucional\/wp-content\/uploads\/2024\/07\/img_blur-yellow-green-300x300.webp 300w, https:\/\/nutrirsaudestore.com.br\/institucional\/wp-content\/uploads\/2024\/07\/img_blur-yellow-green-1024x1024.webp 1024w, https:\/\/nutrirsaudestore.com.br\/institucional\/wp-content\/uploads\/2024\/07\/img_blur-yellow-green-150x150.webp 150w, https:\/\/nutrirsaudestore.com.br\/institucional\/wp-content\/uploads\/2024\/07\/img_blur-yellow-green-768x768.webp 768w, https:\/\/nutrirsaudestore.com.br\/institucional\/wp-content\/uploads\/2024\/07\/img_blur-yellow-green-1536x1536.webp 1536w, https:\/\/nutrirsaudestore.com.br\/institucional\/wp-content\/uploads\/2024\/07\/img_blur-yellow-green-600x600.webp 600w, https:\/\/nutrirsaudestore.com.br\/institucional\/wp-content\/uploads\/2024\/07\/img_blur-yellow-green-100x100.webp 100w\" sizes=\"(max-width: 1828px) 100vw, 1828px\" \/>\t\t\t\t\t\t\t\t\t\t\t\t\t\t\t<\/div>\n\t\t\t\t<\/div>\n\t\t<div class=\"elementor-element elementor-element-61d0754 e-con-full e-flex e-con e-child\" data-id=\"61d0754\" data-element_type=\"container\" data-e-type=\"container\">\n\t\t<div class=\"elementor-element elementor-element-e5a38a1 e-con-full e-flex e-con e-child\" data-id=\"e5a38a1\" data-element_type=\"container\" data-e-type=\"container\">\n\t\t\t\t<div class=\"elementor-element elementor-element-2a2da63 elementor-widget elementor-widget-heading\" data-id=\"2a2da63\" data-element_type=\"widget\" data-e-type=\"widget\" data-widget_type=\"heading.default\">\n\t\t\t\t<div class=\"elementor-widget-container\">\n\t\t\t\t\t<h1 class=\"elementor-heading-title elementor-size-default\">Conte com a Nutrir! <\/h1>\t\t\t\t<\/div>\n\t\t\t\t<\/div>\n\t\t\t\t<div class=\"elementor-element elementor-element-6bc80f9 elementor-widget__width-initial elementor-widget elementor-widget-text-editor\" data-id=\"6bc80f9\" data-element_type=\"widget\" data-e-type=\"widget\" data-widget_type=\"text-editor.default\">\n\t\t\t\t<div class=\"elementor-widget-container\">\n\t\t\t\t\t\t\t\t\t<p><span style=\"font-weight: 400;\">Fale com nosso time de especialistas para saber mais sobre nossos produtos e servi\u00e7os.<\/span><\/p>\t\t\t\t\t\t\t\t<\/div>\n\t\t\t\t<\/div>\n\t\t<div class=\"elementor-element elementor-element-cb405b1 e-con-full e-flex e-con e-child\" data-id=\"cb405b1\" data-element_type=\"container\" data-e-type=\"container\" data-settings=\"{&quot;background_background&quot;:&quot;classic&quot;}\">\n\t\t\t\t<div class=\"elementor-element elementor-element-43fac46 ct-element-form-disable-select-placeholder elementor-button-align-stretch elementor-widget elementor-widget-form\" data-id=\"43fac46\" data-element_type=\"widget\" data-e-type=\"widget\" data-settings=\"{&quot;step_next_label&quot;:&quot;Pr\\u00f3ximo&quot;,&quot;step_previous_label&quot;:&quot;Anterior&quot;,&quot;button_width&quot;:&quot;100&quot;,&quot;step_type&quot;:&quot;number_text&quot;,&quot;step_icon_shape&quot;:&quot;circle&quot;}\" data-widget_type=\"form.default\">\n\t\t\t\t<div class=\"elementor-widget-container\">\n\t\t\t\t\t\t\t<form class=\"elementor-form\" method=\"post\" name=\"Formul\u00e1rio - Contato\" aria-label=\"Formul\u00e1rio - Contato\">\n\t\t\t<input type=\"hidden\" name=\"post_id\" value=\"419\"\/>\n\t\t\t<input type=\"hidden\" name=\"form_id\" value=\"43fac46\"\/>\n\t\t\t<input type=\"hidden\" name=\"referer_title\" value=\"Fale conosco e conhe\u00e7a a Nutrir Sa\u00fade para voc\u00ea ou empresa!\" \/>\n\n\t\t\t\t\t\t\t<input type=\"hidden\" name=\"queried_id\" value=\"419\"\/>\n\t\t\t\n\t\t\t<div class=\"elementor-form-fields-wrapper elementor-labels-above\">\n\t\t\t\t\t\t\t\t<div class=\"elementor-field-type-text elementor-field-group elementor-column elementor-field-group-nome elementor-col-100\">\n\t\t\t\t\t\t\t\t\t\t\t\t<label for=\"form-field-nome\" class=\"elementor-field-label\">\n\t\t\t\t\t\t\t\tNome\t\t\t\t\t\t\t<\/label>\n\t\t\t\t\t\t\t\t\t\t\t\t\t\t<input size=\"1\" type=\"text\" name=\"form_fields[nome]\" id=\"form-field-nome\" class=\"elementor-field elementor-size-sm  elementor-field-textual\" placeholder=\"Nome\">\n\t\t\t\t\t\t\t\t\t\t\t<\/div>\n\t\t\t\t\t\t\t\t<div class=\"elementor-field-type-email elementor-field-group elementor-column elementor-field-group-email elementor-col-100 elementor-field-required\">\n\t\t\t\t\t\t\t\t\t\t\t\t<label for=\"form-field-email\" class=\"elementor-field-label\">\n\t\t\t\t\t\t\t\tE-mail\t\t\t\t\t\t\t<\/label>\n\t\t\t\t\t\t\t\t\t\t\t\t\t\t<input size=\"1\" type=\"email\" name=\"form_fields[email]\" id=\"form-field-email\" class=\"elementor-field elementor-size-sm  elementor-field-textual\" placeholder=\"E-mail\" required=\"required\">\n\t\t\t\t\t\t\t\t\t\t\t<\/div>\n\t\t\t\t\t\t\t\t<div class=\"elementor-field-type-tel elementor-field-group elementor-column elementor-field-group-whatsapp elementor-col-100 elementor-field-required\">\n\t\t\t\t\t\t\t\t\t\t\t\t<label for=\"form-field-whatsapp\" class=\"elementor-field-label\">\n\t\t\t\t\t\t\t\tWhatsApp\t\t\t\t\t\t\t<\/label>\n\t\t\t\t\t\t\t\t<input size=\"1\" type=\"tel\" name=\"form_fields[whatsapp]\" id=\"form-field-whatsapp\" class=\"elementor-field elementor-size-sm  elementor-field-textual\" placeholder=\"WhatsApp\" required=\"required\" pattern=\"[0-9()#&amp;+*-=.]+\" title=\"Only numbers and phone characters (#, -, *, etc) are accepted.\">\n\n\t\t\t\t\t\t<\/div>\n\t\t\t\t\t\t\t\t<div class=\"elementor-field-type-select elementor-field-group elementor-column elementor-field-group-publicoalvo elementor-col-100 elementor-field-required\">\n\t\t\t\t\t\t\t\t\t\t\t\t<label for=\"form-field-publicoalvo\" class=\"elementor-field-label\">\n\t\t\t\t\t\t\t\tPara quem \u00e9 o servi\u00e7o?\t\t\t\t\t\t\t<\/label>\n\t\t\t\t\t\t\t\t<div class=\"elementor-field elementor-select-wrapper remove-before \">\n\t\t\t<div class=\"select-caret-down-wrapper\">\n\t\t\t\t<svg aria-hidden=\"true\" class=\"e-font-icon-svg e-eicon-caret-down\" viewBox=\"0 0 571.4 571.4\" xmlns=\"http:\/\/www.w3.org\/2000\/svg\"><path d=\"M571 393Q571 407 561 418L311 668Q300 679 286 679T261 668L11 418Q0 407 0 393T11 368 36 357H536Q550 357 561 368T571 393Z\"><\/path><\/svg>\t\t\t<\/div>\n\t\t\t<select name=\"form_fields[publicoalvo]\" id=\"form-field-publicoalvo\" class=\"elementor-field-textual elementor-size-sm\" required=\"required\">\n\t\t\t\t\t\t\t\t\t<option value=\"\">Selecione<\/option>\n\t\t\t\t\t\t\t\t\t<option value=\"B2Gov\">B2Gov<\/option>\n\t\t\t\t\t\t\t\t\t<option value=\"B2B\">B2B<\/option>\n\t\t\t\t\t\t\t\t\t<option value=\"Profissional de Sa\u00fade\">Profissional de Sa\u00fade<\/option>\n\t\t\t\t\t\t\t\t\t<option value=\"Para Voc\u00ea\">Para Voc\u00ea<\/option>\n\t\t\t\t\t\t\t<\/select>\n\t\t<\/div>\n\t\t\t\t\t\t<\/div>\n\t\t\t\t\t\t\t\t<div class=\"elementor-field-group elementor-column elementor-field-type-submit elementor-col-100 e-form__buttons\">\n\t\t\t\t\t<button class=\"elementor-button elementor-size-sm\" type=\"submit\">\n\t\t\t\t\t\t<span class=\"elementor-button-content-wrapper\">\n\t\t\t\t\t\t\t\t\t\t\t\t\t\t\t\t\t\t\t\t\t\t<span class=\"elementor-button-text\">Enviar<\/span>\n\t\t\t\t\t\t\t\t\t\t\t\t\t<\/span>\n\t\t\t\t\t<\/button>\n\t\t\t\t<\/div>\n\t\t\t<\/div>\n\t\t<\/form>\n\t\t\t\t\t\t<\/div>\n\t\t\t\t<\/div>\n\t\t\t\t<\/div>\n\t\t\t\t<\/div>\n\t\t<div class=\"elementor-element elementor-element-ea6ca73 e-con-full e-flex e-con e-child\" data-id=\"ea6ca73\" data-element_type=\"container\" data-e-type=\"container\" data-settings=\"{&quot;background_background&quot;:&quot;classic&quot;}\">\n\t\t\t\t<div class=\"elementor-element elementor-element-7c9a6b2 elementor-widget elementor-widget-google_maps\" data-id=\"7c9a6b2\" data-element_type=\"widget\" data-e-type=\"widget\" data-widget_type=\"google_maps.default\">\n\t\t\t\t<div class=\"elementor-widget-container\">\n\t\t\t\t\t\t\t<div class=\"elementor-custom-embed\">\n\t\t\t<iframe loading=\"lazy\"\n\t\t\t\t\tsrc=\"https:\/\/maps.google.com\/maps?q=R.%20C%C3%B4nego%20Le%C3%A3o%20Fernandes%2C%20554%20-%20Petr%C3%B3polis%2C%20Natal%20-%20RN%2C%2059020-060&#038;t=m&#038;z=15&#038;output=embed&#038;iwloc=near\"\n\t\t\t\t\ttitle=\"R. C\u00f4nego Le\u00e3o Fernandes, 554 - Petr\u00f3polis, Natal - RN, 59020-060\"\n\t\t\t\t\taria-label=\"R. C\u00f4nego Le\u00e3o Fernandes, 554 - Petr\u00f3polis, Natal - RN, 59020-060\"\n\t\t\t><\/iframe>\n\t\t<\/div>\n\t\t\t\t\t\t<\/div>\n\t\t\t\t<\/div>\n\t\t<div class=\"elementor-element elementor-element-4e18281 e-con-full e-flex e-con e-child\" data-id=\"4e18281\" data-element_type=\"container\" data-e-type=\"container\">\n\t\t\t\t<div class=\"elementor-element elementor-element-3253fe8 elementor-widget elementor-widget-heading\" data-id=\"3253fe8\" data-element_type=\"widget\" data-e-type=\"widget\" data-widget_type=\"heading.default\">\n\t\t\t\t<div class=\"elementor-widget-container\">\n\t\t\t\t\t<h2 class=\"elementor-heading-title elementor-size-default\">Visite nossa loja<\/h2>\t\t\t\t<\/div>\n\t\t\t\t<\/div>\n\t\t\t\t<div class=\"elementor-element elementor-element-cfad2eb elementor-widget elementor-widget-text-editor\" data-id=\"cfad2eb\" data-element_type=\"widget\" data-e-type=\"widget\" data-widget_type=\"text-editor.default\">\n\t\t\t\t<div class=\"elementor-widget-container\">\n\t\t\t\t\t\t\t\t\t<p>R. C\u00f4nego Le\u00e3o Fernandes, 554 | Petr\u00f3polis, Natal | RN, 59020-060<\/p>\t\t\t\t\t\t\t\t<\/div>\n\t\t\t\t<\/div>\n\t\t\t\t<\/div>\n\t\t\t\t<\/div>\n\t\t\t\t<\/div>\n\t\t\t\t\t<\/div>\n\t\t\t\t<\/div>\n\t\t\t\t<\/div>\n\t\t","protected":false},"excerpt":{"rendered":"<p>Conte com a Nutrir! Fale com nosso time de especialistas para saber mais sobre nossos produtos e servi\u00e7os. Visite nossa loja R. C\u00f4nego Le\u00e3o Fernandes, 554 | Petr\u00f3polis, Natal | RN, 59020-060<\/p>\n","protected":false},"author":1,"featured_media":0,"parent":0,"menu_order":0,"comment_status":"closed","ping_status":"closed","template":"","meta":{"_acf_changed":false,"inline_featured_image":false,"footnotes":""},"class_list":["post-419","page","type-page","status-publish","hentry"],"acf":[],"_links":{"self":[{"href":"https:\/\/nutrirsaudestore.com.br\/institucional\/wp-json\/wp\/v2\/pages\/419","targetHints":{"allow":["GET"]}}],"collection":[{"href":"https:\/\/nutrirsaudestore.com.br\/institucional\/wp-json\/wp\/v2\/pages"}],"about":[{"href":"https:\/\/nutrirsaudestore.com.br\/institucional\/wp-json\/wp\/v2\/types\/page"}],"author":[{"embeddable":true,"href":"https:\/\/nutrirsaudestore.com.br\/institucional\/wp-json\/wp\/v2\/users\/1"}],"replies":[{"embeddable":true,"href":"https:\/\/nutrirsaudestore.com.br\/institucional\/wp-json\/wp\/v2\/comments?post=419"}],"version-history":[{"count":40,"href":"https:\/\/nutrirsaudestore.com.br\/institucional\/wp-json\/wp\/v2\/pages\/419\/revisions"}],"predecessor-version":[{"id":1941,"href":"https:\/\/nutrirsaudestore.com.br\/institucional\/wp-json\/wp\/v2\/pages\/419\/revisions\/1941"}],"wp:attachment":[{"href":"https:\/\/nutrirsaudestore.com.br\/institucional\/wp-json\/wp\/v2\/media?parent=419"}],"curies":[{"name":"wp","href":"https:\/\/api.w.org\/{rel}","templated":true}]}}