{"id":408,"date":"2024-07-17T15:27:56","date_gmt":"2024-07-17T18:27:56","guid":{"rendered":"https:\/\/institucional.nutrirsaudestore.com.br\/?page_id=408"},"modified":"2024-11-26T10:04:21","modified_gmt":"2024-11-26T13:04:21","slug":"trabalhe-conosco","status":"publish","type":"page","link":"https:\/\/nutrirsaudestore.com.br\/institucional\/trabalhe-conosco\/","title":{"rendered":"Trabalhe conosco"},"content":{"rendered":"\t\t<div data-elementor-type=\"wp-page\" data-elementor-id=\"408\" class=\"elementor elementor-408\" data-elementor-post-type=\"page\">\n\t\t\t\t<div class=\"elementor-element elementor-element-7434977 e-flex e-con-boxed e-con e-parent\" data-id=\"7434977\" data-element_type=\"container\" data-e-type=\"container\" data-settings=\"{&quot;background_background&quot;:&quot;classic&quot;}\">\n\t\t\t\t\t<div class=\"e-con-inner\">\n\t\t<div class=\"elementor-element elementor-element-b8066a0 e-con-full e-flex e-con e-child\" data-id=\"b8066a0\" data-element_type=\"container\" data-e-type=\"container\">\n\t\t<div class=\"elementor-element elementor-element-c42b55f e-con-full e-flex e-con e-child\" data-id=\"c42b55f\" data-element_type=\"container\" data-e-type=\"container\">\n\t\t\t\t<div class=\"elementor-element elementor-element-44bd5c7 elementor-widget elementor-widget-heading\" data-id=\"44bd5c7\" data-element_type=\"widget\" data-e-type=\"widget\" data-widget_type=\"heading.default\">\n\t\t\t\t<div class=\"elementor-widget-container\">\n\t\t\t\t\t<h1 class=\"elementor-heading-title elementor-size-default\">Trabalhe conosco<\/h1>\t\t\t\t<\/div>\n\t\t\t\t<\/div>\n\t\t\t\t<div class=\"elementor-element elementor-element-33c06f6 elementor-widget elementor-widget-text-editor\" data-id=\"33c06f6\" data-element_type=\"widget\" data-e-type=\"widget\" data-widget_type=\"text-editor.default\">\n\t\t\t\t<div class=\"elementor-widget-container\">\n\t\t\t\t\t\t\t\t\t<p>Conhe\u00e7a um pouco da nossa cultura<br \/>e as vagas dispon\u00edveis em nosso time.<\/p>\t\t\t\t\t\t\t\t<\/div>\n\t\t\t\t<\/div>\n\t\t\t\t<\/div>\n\t\t\t\t<div class=\"elementor-element elementor-element-e35c172 elementor-align-left elementor-mobile-align-center elementor-widget elementor-widget-button\" data-id=\"e35c172\" data-element_type=\"widget\" data-e-type=\"widget\" data-widget_type=\"button.default\">\n\t\t\t\t<div class=\"elementor-widget-container\">\n\t\t\t\t\t\t\t\t\t<div class=\"elementor-button-wrapper\">\n\t\t\t\t\t<a class=\"elementor-button elementor-button-link elementor-size-sm\" href=\"#trabalhe-conosco\">\n\t\t\t\t\t\t<span class=\"elementor-button-content-wrapper\">\n\t\t\t\t\t\t<span class=\"elementor-button-icon\">\n\t\t\t\t<svg aria-hidden=\"true\" class=\"e-font-icon-svg e-fas-chevron-right\" viewBox=\"0 0 320 512\" xmlns=\"http:\/\/www.w3.org\/2000\/svg\"><path d=\"M285.476 272.971L91.132 467.314c-9.373 9.373-24.569 9.373-33.941 0l-22.667-22.667c-9.357-9.357-9.375-24.522-.04-33.901L188.505 256 34.484 101.255c-9.335-9.379-9.317-24.544.04-33.901l22.667-22.667c9.373-9.373 24.569-9.373 33.941 0L285.475 239.03c9.373 9.372 9.373 24.568.001 33.941z\"><\/path><\/svg>\t\t\t<\/span>\n\t\t\t\t\t\t\t\t\t<span class=\"elementor-button-text\">Saiba Mais<\/span>\n\t\t\t\t\t<\/span>\n\t\t\t\t\t<\/a>\n\t\t\t\t<\/div>\n\t\t\t\t\t\t\t\t<\/div>\n\t\t\t\t<\/div>\n\t\t\t\t<\/div>\n\t\t\t\t\t<\/div>\n\t\t\t\t<\/div>\n\t\t<div class=\"elementor-element elementor-element-86ad44d e-flex e-con-boxed e-con e-parent\" data-id=\"86ad44d\" data-element_type=\"container\" data-e-type=\"container\">\n\t\t\t\t\t<div class=\"e-con-inner\">\n\t\t<div class=\"elementor-element elementor-element-d0d8ca9 e-con-full e-flex e-con e-child\" data-id=\"d0d8ca9\" data-element_type=\"container\" data-e-type=\"container\">\n\t\t<div class=\"elementor-element elementor-element-2e00b7c e-con-full e-flex e-con e-child\" data-id=\"2e00b7c\" data-element_type=\"container\" data-e-type=\"container\">\n\t\t\t\t<div class=\"elementor-element elementor-element-340d7fb elementor-widget elementor-widget-image\" data-id=\"340d7fb\" data-element_type=\"widget\" data-e-type=\"widget\" data-widget_type=\"image.default\">\n\t\t\t\t<div class=\"elementor-widget-container\">\n\t\t\t\t\t\t\t\t\t\t\t\t\t\t\t<img decoding=\"async\" width=\"38\" height=\"37\" src=\"https:\/\/nutrirsaudestore.com.br\/institucional\/wp-content\/uploads\/2024\/07\/ic_icon-logo-nutrir.svg\" class=\"attachment-full size-full wp-image-346\" alt=\"\" \/>\t\t\t\t\t\t\t\t\t\t\t\t\t\t\t<\/div>\n\t\t\t\t<\/div>\n\t\t\t\t<div class=\"elementor-element elementor-element-c3e95ae elementor-widget elementor-widget-heading\" data-id=\"c3e95ae\" data-element_type=\"widget\" data-e-type=\"widget\" data-widget_type=\"heading.default\">\n\t\t\t\t<div class=\"elementor-widget-container\">\n\t\t\t\t\t<h2 class=\"elementor-heading-title elementor-size-default\">Nossa cultura<\/h2>\t\t\t\t<\/div>\n\t\t\t\t<\/div>\n\t\t\t\t<div class=\"elementor-element elementor-element-246bb66 elementor-widget elementor-widget-text-editor\" data-id=\"246bb66\" data-element_type=\"widget\" data-e-type=\"widget\" data-widget_type=\"text-editor.default\">\n\t\t\t\t<div class=\"elementor-widget-container\">\n\t\t\t\t\t\t\t\t\t<div class=\"ql-block\" data-block-id=\"block-7b0ac45b-24fa-4e67-9180-408dac949b5e\">Somos uma empresa do Grupo WT, que possui s\u00f3lida trajet\u00f3ria de mais de 33 anos. A expertise do Grupo nos permitiram incorporar em nosso DNA valores fundamentais como excel\u00eancia, seguran\u00e7a, organiza\u00e7\u00e3o, foco no cliente, transpar\u00eancia e inova\u00e7\u00e3o.<\/div><div data-block-id=\"block-7b0ac45b-24fa-4e67-9180-408dac949b5e\">\u00a0<\/div><div class=\"ql-block\" data-block-id=\"block-7b0ac45b-24fa-4e67-9180-408dac949b5e\">A Nutrir Sa\u00fade reconhece a relev\u00e2ncia da nutri\u00e7\u00e3o para alcan\u00e7ar a sa\u00fade plena em todos os momentos da vida. Por isso, nos dedicamos a oferecer produtos, servi\u00e7os e solu\u00e7\u00f5es que entregam resultados positivos nos tratamentos enteral e oral, emagrecimento, ganho de massa muscular, alta performance e longevidade.<\/div>\t\t\t\t\t\t\t\t<\/div>\n\t\t\t\t<\/div>\n\t\t\t\t<\/div>\n\t\t<div class=\"elementor-element elementor-element-d51632a e-con-full e-flex e-con e-child\" data-id=\"d51632a\" data-element_type=\"container\" data-e-type=\"container\">\n\t\t\t\t<div class=\"elementor-element elementor-element-2e98e48 elementor-pagination-type-bullets elementor-pagination-position-outside elementor-widget elementor-widget-n-carousel\" data-id=\"2e98e48\" data-element_type=\"widget\" data-e-type=\"widget\" data-settings=\"{&quot;carousel_items&quot;:[{&quot;slide_title&quot;:&quot;Slide #1&quot;,&quot;_id&quot;:&quot;857ad04&quot;},{&quot;slide_title&quot;:&quot;Slide #2&quot;,&quot;_id&quot;:&quot;8efe180&quot;}],&quot;slides_to_show&quot;:&quot;2&quot;,&quot;slides_to_scroll&quot;:&quot;1&quot;,&quot;image_spacing_custom&quot;:{&quot;unit&quot;:&quot;px&quot;,&quot;size&quot;:20,&quot;sizes&quot;:[]},&quot;slides_to_show_tablet&quot;:&quot;2&quot;,&quot;slides_to_show_mobile&quot;:&quot;1&quot;,&quot;autoplay&quot;:&quot;yes&quot;,&quot;autoplay_speed&quot;:5000,&quot;pause_on_hover&quot;:&quot;yes&quot;,&quot;pause_on_interaction&quot;:&quot;yes&quot;,&quot;infinite&quot;:&quot;yes&quot;,&quot;speed&quot;:500,&quot;offset_sides&quot;:&quot;none&quot;,&quot;pagination&quot;:&quot;bullets&quot;,&quot;image_spacing_custom_tablet&quot;:{&quot;unit&quot;:&quot;px&quot;,&quot;size&quot;:&quot;&quot;,&quot;sizes&quot;:[]},&quot;image_spacing_custom_mobile&quot;:{&quot;unit&quot;:&quot;px&quot;,&quot;size&quot;:&quot;&quot;,&quot;sizes&quot;:[]}}\" data-widget_type=\"nested-carousel.default\">\n\t\t\t\t<div class=\"elementor-widget-container\">\n\t\t\t\t\t\t\t<div class=\"e-n-carousel swiper\" role=\"region\" aria-roledescription=\"carousel\" aria-label=\"Carousel\" dir=\"ltr\">\n\t\t\t<div class=\"swiper-wrapper\" aria-live=\"off\">\n\t\t\t\t\t\t\t\t\t\t<div class=\"swiper-slide\" data-slide=\"1\" role=\"group\" aria-roledescription=\"slide\" aria-label=\"1 of 2\">\n\t\t\t\t\t\t\t<div class=\"elementor-element elementor-element-f67e211 e-flex e-con-boxed e-con e-child\" data-id=\"f67e211\" data-element_type=\"container\" data-e-type=\"container\">\n\t\t\t\t\t<div class=\"e-con-inner\">\n\t\t<div class=\"elementor-element elementor-element-0b593da e-con-full e-flex e-con e-child\" data-id=\"0b593da\" data-element_type=\"container\" data-e-type=\"container\">\n\t\t\t\t<div class=\"elementor-element elementor-element-dbb84a4 elementor-widget elementor-widget-image\" data-id=\"dbb84a4\" data-element_type=\"widget\" data-e-type=\"widget\" data-widget_type=\"image.default\">\n\t\t\t\t<div class=\"elementor-widget-container\">\n\t\t\t\t\t\t\t\t\t\t\t\t\t\t\t\t<a href=\"https:\/\/institucional.nutrirsaudestore.com.br\/wp-content\/uploads\/2024\/07\/img_cultura-1.webp\" data-elementor-open-lightbox=\"yes\" data-e-action-hash=\"#elementor-action%3Aaction%3Dlightbox%26settings%3DeyJpZCI6NDEyLCJ1cmwiOiJodHRwczpcL1wvbnV0cmlyc2F1ZGVzdG9yZS5jb20uYnJcL2luc3RpdHVjaW9uYWxcL3dwLWNvbnRlbnRcL3VwbG9hZHNcLzIwMjRcLzA3XC9pbWdfY3VsdHVyYS0xLndlYnAifQ%3D%3D\">\n\t\t\t\t\t\t\t<img fetchpriority=\"high\" decoding=\"async\" width=\"500\" height=\"500\" src=\"https:\/\/nutrirsaudestore.com.br\/institucional\/wp-content\/uploads\/2024\/07\/img_cultura-1.webp\" class=\"attachment-full size-full wp-image-412\" alt=\"\" srcset=\"https:\/\/nutrirsaudestore.com.br\/institucional\/wp-content\/uploads\/2024\/07\/img_cultura-1.webp 500w, https:\/\/nutrirsaudestore.com.br\/institucional\/wp-content\/uploads\/2024\/07\/img_cultura-1-300x300.webp 300w, https:\/\/nutrirsaudestore.com.br\/institucional\/wp-content\/uploads\/2024\/07\/img_cultura-1-150x150.webp 150w, https:\/\/nutrirsaudestore.com.br\/institucional\/wp-content\/uploads\/2024\/07\/img_cultura-1-100x100.webp 100w\" sizes=\"(max-width: 500px) 100vw, 500px\" \/>\t\t\t\t\t\t\t\t<\/a>\n\t\t\t\t\t\t\t\t\t\t\t\t\t\t\t<\/div>\n\t\t\t\t<\/div>\n\t\t\t\t<\/div>\n\t\t\t\t\t<\/div>\n\t\t\t\t<\/div>\n\t\t\t\t\t\t\t\t<\/div>\n\t\t\t\t\t\t\t\t\t\t\t<div class=\"swiper-slide\" data-slide=\"2\" role=\"group\" aria-roledescription=\"slide\" aria-label=\"2 of 2\">\n\t\t\t\t\t\t\t<div class=\"elementor-element elementor-element-2eda81f e-flex e-con-boxed e-con e-child\" data-id=\"2eda81f\" data-element_type=\"container\" data-e-type=\"container\">\n\t\t\t\t\t<div class=\"e-con-inner\">\n\t\t<div class=\"elementor-element elementor-element-01e415e e-con-full e-flex e-con e-child\" data-id=\"01e415e\" data-element_type=\"container\" data-e-type=\"container\">\n\t\t\t\t<div class=\"elementor-element elementor-element-a5a7591 elementor-widget elementor-widget-image\" data-id=\"a5a7591\" data-element_type=\"widget\" data-e-type=\"widget\" data-widget_type=\"image.default\">\n\t\t\t\t<div class=\"elementor-widget-container\">\n\t\t\t\t\t\t\t\t\t\t\t\t\t\t\t\t<a href=\"https:\/\/institucional.nutrirsaudestore.com.br\/wp-content\/uploads\/2024\/07\/img_cultura-2.webp\" data-elementor-open-lightbox=\"yes\" data-e-action-hash=\"#elementor-action%3Aaction%3Dlightbox%26settings%3DeyJpZCI6NDEzLCJ1cmwiOiJodHRwczpcL1wvbnV0cmlyc2F1ZGVzdG9yZS5jb20uYnJcL2luc3RpdHVjaW9uYWxcL3dwLWNvbnRlbnRcL3VwbG9hZHNcLzIwMjRcLzA3XC9pbWdfY3VsdHVyYS0yLndlYnAifQ%3D%3D\">\n\t\t\t\t\t\t\t<img decoding=\"async\" width=\"500\" height=\"500\" src=\"https:\/\/nutrirsaudestore.com.br\/institucional\/wp-content\/uploads\/2024\/07\/img_cultura-2.webp\" class=\"attachment-full size-full wp-image-413\" alt=\"\" srcset=\"https:\/\/nutrirsaudestore.com.br\/institucional\/wp-content\/uploads\/2024\/07\/img_cultura-2.webp 500w, https:\/\/nutrirsaudestore.com.br\/institucional\/wp-content\/uploads\/2024\/07\/img_cultura-2-300x300.webp 300w, https:\/\/nutrirsaudestore.com.br\/institucional\/wp-content\/uploads\/2024\/07\/img_cultura-2-150x150.webp 150w, https:\/\/nutrirsaudestore.com.br\/institucional\/wp-content\/uploads\/2024\/07\/img_cultura-2-100x100.webp 100w\" sizes=\"(max-width: 500px) 100vw, 500px\" \/>\t\t\t\t\t\t\t\t<\/a>\n\t\t\t\t\t\t\t\t\t\t\t\t\t\t\t<\/div>\n\t\t\t\t<\/div>\n\t\t\t\t<\/div>\n\t\t\t\t\t<\/div>\n\t\t\t\t<\/div>\n\t\t\t\t\t\t\t\t<\/div>\n\t\t\t\t\t\t\t\t<\/div>\n\t\t<\/div>\n\t\t\t\t\t<div class=\"swiper-pagination\"><\/div>\n\t\t\t\t\t\t<\/div>\n\t\t\t\t<\/div>\n\t\t\t\t<\/div>\n\t\t\t\t<\/div>\n\t\t\t\t\t<\/div>\n\t\t\t\t<\/div>\n\t\t<div class=\"elementor-element elementor-element-4d9fe69 e-flex e-con-boxed e-con e-parent\" data-id=\"4d9fe69\" data-element_type=\"container\" data-e-type=\"container\">\n\t\t\t\t\t<div class=\"e-con-inner\">\n\t\t<div class=\"elementor-element elementor-element-bfd65e7 e-con-full e-flex e-con e-child\" data-id=\"bfd65e7\" data-element_type=\"container\" data-e-type=\"container\">\n\t\t\t\t<div class=\"elementor-element elementor-element-8679403 elementor-widget elementor-widget-menu-anchor\" data-id=\"8679403\" data-element_type=\"widget\" data-e-type=\"widget\" data-widget_type=\"menu-anchor.default\">\n\t\t\t\t<div class=\"elementor-widget-container\">\n\t\t\t\t\t\t\t<div class=\"elementor-menu-anchor\" id=\"trabalhe-conosco\"><\/div>\n\t\t\t\t\t\t<\/div>\n\t\t\t\t<\/div>\n\t\t<div class=\"elementor-element elementor-element-cc4d762 e-flex e-con-boxed e-con e-child\" data-id=\"cc4d762\" data-element_type=\"container\" data-e-type=\"container\" data-settings=\"{&quot;background_background&quot;:&quot;classic&quot;}\">\n\t\t\t\t\t<div class=\"e-con-inner\">\n\t\t<div class=\"elementor-element elementor-element-8b3d8bf e-con-full e-flex e-con e-child\" data-id=\"8b3d8bf\" data-element_type=\"container\" data-e-type=\"container\">\n\t\t\t\t<div class=\"elementor-element elementor-element-6f54805 elementor-widget elementor-widget-image\" data-id=\"6f54805\" data-element_type=\"widget\" data-e-type=\"widget\" data-widget_type=\"image.default\">\n\t\t\t\t<div class=\"elementor-widget-container\">\n\t\t\t\t\t\t\t\t\t\t\t\t\t\t\t<img loading=\"lazy\" decoding=\"async\" width=\"60\" height=\"59\" src=\"https:\/\/nutrirsaudestore.com.br\/institucional\/wp-content\/uploads\/2024\/07\/ic_icon-logo-nutrir-white.svg\" class=\"attachment-full size-full wp-image-379\" alt=\"\" \/>\t\t\t\t\t\t\t\t\t\t\t\t\t\t\t<\/div>\n\t\t\t\t<\/div>\n\t\t\t\t<div class=\"elementor-element elementor-element-ce478e5 elementor-widget elementor-widget-heading\" data-id=\"ce478e5\" data-element_type=\"widget\" data-e-type=\"widget\" data-widget_type=\"heading.default\">\n\t\t\t\t<div class=\"elementor-widget-container\">\n\t\t\t\t\t<h2 class=\"elementor-heading-title elementor-size-default\">Vagas abertas<\/h2>\t\t\t\t<\/div>\n\t\t\t\t<\/div>\n\t\t\t\t<div class=\"elementor-element elementor-element-3f31693 elementor-widget elementor-widget-text-editor\" data-id=\"3f31693\" data-element_type=\"widget\" data-e-type=\"widget\" data-widget_type=\"text-editor.default\">\n\t\t\t\t<div class=\"elementor-widget-container\">\n\t\t\t\t\t\t\t\t\t<p>Clique no bot\u00e3o abaixo para conferir as oportunidades e inscreva-se em nosso banco de talentos.<\/p>\t\t\t\t\t\t\t\t<\/div>\n\t\t\t\t<\/div>\n\t\t\t\t<div class=\"elementor-element elementor-element-3396458 elementor-align-left elementor-mobile-align-center elementor-widget elementor-widget-button\" data-id=\"3396458\" data-element_type=\"widget\" data-e-type=\"widget\" data-widget_type=\"button.default\">\n\t\t\t\t<div class=\"elementor-widget-container\">\n\t\t\t\t\t\t\t\t\t<div class=\"elementor-button-wrapper\">\n\t\t\t\t\t<a class=\"elementor-button elementor-button-link elementor-size-sm\" href=\"https:\/\/grupowt.vagas.solides.com.br\/\" target=\"_blank\" rel=\"noopener\">\n\t\t\t\t\t\t<span class=\"elementor-button-content-wrapper\">\n\t\t\t\t\t\t<span class=\"elementor-button-icon\">\n\t\t\t\t<svg xmlns=\"http:\/\/www.w3.org\/2000\/svg\" width=\"25\" height=\"25\" viewBox=\"0 0 25 25\" fill=\"none\"><path d=\"M19.5 21.209V15.209M16.5 18.209H22.5M12.5 15.209H8.5C6.63623 15.209 5.70435 15.209 4.96927 15.5135C3.98915 15.9194 3.21046 16.6981 2.80448 17.6783C2.5 18.4133 2.5 19.3452 2.5 21.209M16 3.49974C17.4659 4.09313 18.5 5.5303 18.5 7.20898C18.5 8.88767 17.4659 10.3248 16 10.9182M14 7.20898C14 9.41812 12.2091 11.209 10 11.209C7.79086 11.209 6 9.41812 6 7.20898C6 4.99985 7.79086 3.20898 10 3.20898C12.2091 3.20898 14 4.99985 14 7.20898Z\" stroke=\"#A1B000\" stroke-width=\"1.5\" stroke-linecap=\"round\" stroke-linejoin=\"round\"><\/path><\/svg>\t\t\t<\/span>\n\t\t\t\t\t\t\t\t\t<span class=\"elementor-button-text\">Ver vagas<\/span>\n\t\t\t\t\t<\/span>\n\t\t\t\t\t<\/a>\n\t\t\t\t<\/div>\n\t\t\t\t\t\t\t\t<\/div>\n\t\t\t\t<\/div>\n\t\t\t\t<\/div>\n\t\t\t\t<div class=\"elementor-element elementor-element-14bcb63 elementor-absolute elementor-widget elementor-widget-image\" data-id=\"14bcb63\" data-element_type=\"widget\" data-e-type=\"widget\" data-settings=\"{&quot;_position&quot;:&quot;absolute&quot;}\" data-widget_type=\"image.default\">\n\t\t\t\t<div class=\"elementor-widget-container\">\n\t\t\t\t\t\t\t\t\t\t\t\t\t\t\t<img loading=\"lazy\" decoding=\"async\" width=\"833\" height=\"833\" src=\"https:\/\/nutrirsaudestore.com.br\/institucional\/wp-content\/uploads\/2024\/07\/frame_logo-banner-trabalhe-conosco-1.svg\" class=\"attachment-full size-full wp-image-404\" alt=\"\" \/>\t\t\t\t\t\t\t\t\t\t\t\t\t\t\t<\/div>\n\t\t\t\t<\/div>\n\t\t\t\t\t<\/div>\n\t\t\t\t<\/div>\n\t\t\t\t<\/div>\n\t\t\t\t\t<\/div>\n\t\t\t\t<\/div>\n\t\t\t\t<\/div>\n\t\t","protected":false},"excerpt":{"rendered":"<p>Trabalhe conosco Conhe\u00e7a um pouco da nossa culturae as vagas dispon\u00edveis em nosso time. Saiba Mais Nossa cultura Somos uma empresa do Grupo WT, que possui s\u00f3lida trajet\u00f3ria de mais de 33 anos. A expertise do Grupo nos permitiram incorporar em nosso DNA valores fundamentais como excel\u00eancia, seguran\u00e7a, organiza\u00e7\u00e3o, foco no cliente, transpar\u00eancia e inova\u00e7\u00e3o.\u00a0A [&hellip;]<\/p>\n","protected":false},"author":1,"featured_media":0,"parent":0,"menu_order":0,"comment_status":"closed","ping_status":"closed","template":"","meta":{"_acf_changed":false,"inline_featured_image":false,"footnotes":""},"class_list":["post-408","page","type-page","status-publish","hentry"],"acf":[],"_links":{"self":[{"href":"https:\/\/nutrirsaudestore.com.br\/institucional\/wp-json\/wp\/v2\/pages\/408","targetHints":{"allow":["GET"]}}],"collection":[{"href":"https:\/\/nutrirsaudestore.com.br\/institucional\/wp-json\/wp\/v2\/pages"}],"about":[{"href":"https:\/\/nutrirsaudestore.com.br\/institucional\/wp-json\/wp\/v2\/types\/page"}],"author":[{"embeddable":true,"href":"https:\/\/nutrirsaudestore.com.br\/institucional\/wp-json\/wp\/v2\/users\/1"}],"replies":[{"embeddable":true,"href":"https:\/\/nutrirsaudestore.com.br\/institucional\/wp-json\/wp\/v2\/comments?post=408"}],"version-history":[{"count":25,"href":"https:\/\/nutrirsaudestore.com.br\/institucional\/wp-json\/wp\/v2\/pages\/408\/revisions"}],"predecessor-version":[{"id":1883,"href":"https:\/\/nutrirsaudestore.com.br\/institucional\/wp-json\/wp\/v2\/pages\/408\/revisions\/1883"}],"wp:attachment":[{"href":"https:\/\/nutrirsaudestore.com.br\/institucional\/wp-json\/wp\/v2\/media?parent=408"}],"curies":[{"name":"wp","href":"https:\/\/api.w.org\/{rel}","templated":true}]}}